{"id":10240,"date":"2025-02-19T01:35:09","date_gmt":"2025-02-19T01:35:09","guid":{"rendered":"https:\/\/demo.casethemes.net\/mouno\/?page_id=10240"},"modified":"2026-04-08T01:40:37","modified_gmt":"2026-04-08T01:40:37","slug":"blog","status":"publish","type":"page","link":"https:\/\/nuevo.strattos.online\/en\/blog\/","title":{"rendered":"Blog"},"content":{"rendered":"<div data-elementor-type=\"wp-page\" data-elementor-id=\"10240\" class=\"elementor elementor-10240\" data-elementor-post-type=\"page\">\n\t\t\t\t<div class=\"elementor-element elementor-element-8e1d8c8 e-flex e-con-boxed e-con e-parent\" data-id=\"8e1d8c8\" data-element_type=\"container\" data-e-type=\"container\" data-settings=\"{&quot;background_background&quot;:&quot;gradient&quot;,&quot;ekit_has_onepagescroll_dot&quot;:&quot;yes&quot;}\">\t\t\t<div class=\"e-con-inner\">\r\n\t\t\t\t<div class=\"elementor-element elementor-element-99a98c4 elementor-widget__width-initial elementor-widget elementor-widget-pxl_heading\" data-id=\"99a98c4\" data-element_type=\"widget\" data-e-type=\"widget\" data-settings=\"{&quot;ekit_we_effect_on&quot;:&quot;none&quot;}\" data-widget_type=\"pxl_heading.default\">\n\t\t\t\t<div class=\"elementor-widget-container\">\n\t\t\t\t\t<div class=\"pxl-heading-wrapper\">\n\t\n\t\t\t\t\t<h2 class=\"pxl-heading-title heading-title-primary  split-text text-effect-fade-in visibility-hidden split-into-char\"\n\t\t\tdata-gsap=\"{&quot;stagger&quot;:0.015,&quot;duration&quot;:1,&quot;delay&quot;:0}\"\t\t>\n\t\t\t<span class=\"pxl-title-text\" >\n\t\t\t\tBlog             <span class=\"pxl-text-highlight\">\n                Strattos            <\/span>\n        \t\t\t<\/span>\n\t\t<\/h2>\n\t<\/div>\n\t\t\t\t<\/div>\n\t\t\t\t<\/div>\n\t\t\t\t\t<\/div>\r\n\t\t\t\t<\/div>\r\n\t\t<div class=\"elementor-element elementor-element-89d803b e-flex e-con-boxed e-con e-parent\" data-id=\"89d803b\" data-element_type=\"container\" data-e-type=\"container\" data-settings=\"{&quot;background_background&quot;:&quot;classic&quot;,&quot;ekit_has_onepagescroll_dot&quot;:&quot;yes&quot;}\">\t\t\t<div class=\"e-con-inner\">\r\n\t\t<div class=\"elementor-element elementor-element-7a6fdf7 e-con-full e-flex e-con e-child\" data-id=\"7a6fdf7\" data-element_type=\"container\" data-e-type=\"container\" data-settings=\"{&quot;ekit_has_onepagescroll_dot&quot;:&quot;yes&quot;}\"><div class=\"elementor-element elementor-element-12949df e-con-full e-flex e-con e-child\" data-id=\"12949df\" data-element_type=\"container\" data-e-type=\"container\" data-settings=\"{&quot;ekit_has_onepagescroll_dot&quot;:&quot;yes&quot;}\">\t\t<div class=\"elementor-element elementor-element-9a29a81 elementor-widget elementor-widget-pxl_heading\" data-id=\"9a29a81\" data-element_type=\"widget\" data-e-type=\"widget\" data-settings=\"{&quot;ekit_we_effect_on&quot;:&quot;none&quot;}\" data-widget_type=\"pxl_heading.default\">\n\t\t\t\t<div class=\"elementor-widget-container\">\n\t\t\t\t\t<div class=\"pxl-heading-wrapper\">\n\t\n\t\t\t\t\t<h2 class=\"pxl-heading-title heading-title-default\"\n\t\t\t\t\t>\n\t\t\t<span class=\"pxl-title-text\" >\n\t\t\t\t            <span class=\"pxl-text-highlight\">\n                Ideas, datos            <\/span>\n         y estrategia\t\t\t<\/span>\n\t\t<\/h2>\n\t<\/div>\n\t\t\t\t<\/div>\n\t\t\t\t<\/div>\n\t\t\t\t<\/div>\r\n\t\t<div class=\"elementor-element elementor-element-a32ea79 e-con-full e-flex e-con e-child\" data-id=\"a32ea79\" data-element_type=\"container\" data-e-type=\"container\" data-settings=\"{&quot;ekit_has_onepagescroll_dot&quot;:&quot;yes&quot;}\">\t\t<div class=\"elementor-element elementor-element-e9dcf70 elementor-widget elementor-widget-pxl_text_editor\" data-id=\"e9dcf70\" data-element_type=\"widget\" data-e-type=\"widget\" data-settings=\"{&quot;ekit_we_effect_on&quot;:&quot;none&quot;}\" data-widget_type=\"pxl_text_editor.default\">\n\t\t\t\t<div class=\"elementor-widget-container\">\n\t\t\t\t\t<div id=\"pxl_text_editor-e9dcf70-3212\" class=\"pxl-text-editor-wrapper text-custom link-default link-hover-default\"\t>\n\t<p>Aqu\u00ed encontrar\u00e1s contenido sobre mercado, tecnolog\u00eda comercial, automatizaci\u00f3n, RevOps y crecimiento digital, dise\u00f1ado para ayudar a empresas a tomar mejores decisiones y escalar sus resultados con orden.<\/p>\t\t\n<\/div>\t\t\t\t<\/div>\n\t\t\t\t<\/div>\n\t\t\t\t<\/div>\r\n\t\t\t\t<\/div>\r\n\t\t\t\t\t<\/div>\r\n\t\t\t\t<\/div>\r\n\t\t<div class=\"elementor-element elementor-element-9be110d e-flex e-con-boxed e-con e-parent\" data-id=\"9be110d\" data-element_type=\"container\" data-e-type=\"container\" data-settings=\"{&quot;ekit_has_onepagescroll_dot&quot;:&quot;yes&quot;}\">\t\t\t<div class=\"e-con-inner\">\r\n\t\t\t\t<div class=\"elementor-element elementor-element-e8d7529 elementor-widget elementor-widget-elementskit-blog-posts\" data-id=\"e8d7529\" data-element_type=\"widget\" data-e-type=\"widget\" data-settings=\"{&quot;ekit_we_effect_on&quot;:&quot;none&quot;}\" data-widget_type=\"elementskit-blog-posts.default\">\n\t\t\t\t\t<div class=\"ekit-wid-con\" >\n        <div id=\"post-items--e8d7529\" class=\"row post-items ekit-blog-posts-content wihout-masonry\" data-enable=\"no\">\n\n\t\t\t<!-- Blog Carousel markup render -->\n\t\t\t\n\n            <div class=\"col-lg-3 col-md-6\">\n\n                                    <div class=\"elementskit-post-image-card\">\n                        <div class=\"elementskit-entry-header\">\n                                                            <a href=\"https:\/\/nuevo.strattos.online\/en\/how-emerging-tech-is-reshaping-global-industries\/\" class=\"elementskit-entry-thumb\">\n                                    <img decoding=\"async\" src=\"https:\/\/nuevo.strattos.online\/wp-content\/uploads\/2025\/03\/post-42.webp\" alt=\"How emerging tech is reshaping global industries\">\n                                <\/a><!-- .elementskit-entry-thumb END -->\n                                                            \n                            \n                                                    <\/div><!-- .elementskit-entry-header END -->\n\n                        <div class=\"elementskit-post-body\">\n                            \n                                                                                                                                                        \n                                        \n                                        \t\t\t\t\t\t\t\t\t\t                <h2 class=\"entry-title\">\n                    <a href=\"https:\/\/nuevo.strattos.online\/en\/how-emerging-tech-is-reshaping-global-industries\/\">\n                            How emerging tech is reshaping global industries                    <\/a>\n                <\/h2>\n                                                                                                                                                                                            <p>For our patients with impairments resulting from injury or illness affecting the nervous system.<\/p>\n                                                                                                                                                        <div class=\"btn-wraper\">\n                                    \n                                                                            <a href=\"https:\/\/nuevo.strattos.online\/en\/how-emerging-tech-is-reshaping-global-industries\/\" class=\"elementskit-btn  whitespace--normal\" >\n                                                                                    Leer m\u00e1s                                        <\/a>\n                                                                    <\/div>\n                                                    <\/div><!-- .elementskit-post-body END -->\n                    <\/div>\n                \n            <\/div>\t\t\t\t\n\n            <div class=\"col-lg-3 col-md-6\">\n\n                                    <div class=\"elementskit-post-image-card\">\n                        <div class=\"elementskit-entry-header\">\n                                                            <a href=\"https:\/\/nuevo.strattos.online\/en\/why-digital-transformation-drives-modern-businesses\/\" class=\"elementskit-entry-thumb\">\n                                    <img decoding=\"async\" src=\"https:\/\/nuevo.strattos.online\/wp-content\/uploads\/2025\/03\/post-41.webp\" alt=\"Why digital transformation drives modern businesses\">\n                                <\/a><!-- .elementskit-entry-thumb END -->\n                                                            \n                            \n                                                    <\/div><!-- .elementskit-entry-header END -->\n\n                        <div class=\"elementskit-post-body\">\n                            \n                                                                                                                                                        \n                                        \n                                        \t\t\t\t\t\t\t\t\t\t                <h2 class=\"entry-title\">\n                    <a href=\"https:\/\/nuevo.strattos.online\/en\/why-digital-transformation-drives-modern-businesses\/\">\n                            Why digital transformation drives modern businesses                    <\/a>\n                <\/h2>\n                                                                                                                                                                                            <p>For our patients with impairments resulting from injury or illness affecting the nervous system.<\/p>\n                                                                                                                                                        <div class=\"btn-wraper\">\n                                    \n                                                                            <a href=\"https:\/\/nuevo.strattos.online\/en\/why-digital-transformation-drives-modern-businesses\/\" class=\"elementskit-btn  whitespace--normal\" >\n                                                                                    Leer m\u00e1s                                        <\/a>\n                                                                    <\/div>\n                                                    <\/div><!-- .elementskit-post-body END -->\n                    <\/div>\n                \n            <\/div>\t\t\t\t\n\n            <div class=\"col-lg-3 col-md-6\">\n\n                                    <div class=\"elementskit-post-image-card\">\n                        <div class=\"elementskit-entry-header\">\n                                                            <a href=\"https:\/\/nuevo.strattos.online\/en\/how-automation-trends-are-impacting-global-industries\/\" class=\"elementskit-entry-thumb\">\n                                    <img decoding=\"async\" src=\"https:\/\/nuevo.strattos.online\/wp-content\/uploads\/2025\/02\/post-13.webp\" alt=\"How automation trends are impacting global industries\">\n                                <\/a><!-- .elementskit-entry-thumb END -->\n                                                            \n                            \n                                                    <\/div><!-- .elementskit-entry-header END -->\n\n                        <div class=\"elementskit-post-body\">\n                            \n                                                                                                                                                        \n                                        \n                                        \t\t\t\t\t\t\t\t\t\t                <h2 class=\"entry-title\">\n                    <a href=\"https:\/\/nuevo.strattos.online\/en\/how-automation-trends-are-impacting-global-industries\/\">\n                            How automation trends are impacting global industries                    <\/a>\n                <\/h2>\n                                                                                                                                                                                            <p>For our patients with impairments resulting from injury or illness affecting the nervous system.<\/p>\n                                                                                                                                                        <div class=\"btn-wraper\">\n                                    \n                                                                            <a href=\"https:\/\/nuevo.strattos.online\/en\/how-automation-trends-are-impacting-global-industries\/\" class=\"elementskit-btn  whitespace--normal\" >\n                                                                                    Leer m\u00e1s                                        <\/a>\n                                                                    <\/div>\n                                                    <\/div><!-- .elementskit-post-body END -->\n                    <\/div>\n                \n            <\/div>\t\t\t\t        <\/div>\n\n\n        <\/div>\t\t\t\t<\/div>\n\t\t\t\t\t<\/div>\r\n\t\t\t\t<\/div>\r\n\t\t\t\t<\/div>","protected":false},"excerpt":{"rendered":"<p>Blog Strattos Ideas, datos y estrategia Aqu\u00ed encontrar\u00e1s contenido sobre mercado, tecnolog\u00eda comercial, automatizaci\u00f3n, RevOps y crecimiento digital, dise\u00f1ado para ayudar a empresas a tomar mejores decisiones y escalar sus resultados con orden. How emerging tech is reshaping global industries For our patients with impairments resulting from injury or illness affecting the nervous system. Leer [&hellip;] <\/p>\n","protected":false},"author":1,"featured_media":0,"parent":0,"menu_order":0,"comment_status":"closed","ping_status":"closed","template":"","meta":{"footnotes":""},"class_list":["post-10240","page","type-page","status-publish","hentry"],"_hostinger_reach_plugin_has_subscription_block":false,"_hostinger_reach_plugin_is_elementor":false,"_links":{"self":[{"href":"https:\/\/nuevo.strattos.online\/en\/wp-json\/wp\/v2\/pages\/10240","targetHints":{"allow":["GET"]}}],"collection":[{"href":"https:\/\/nuevo.strattos.online\/en\/wp-json\/wp\/v2\/pages"}],"about":[{"href":"https:\/\/nuevo.strattos.online\/en\/wp-json\/wp\/v2\/types\/page"}],"author":[{"embeddable":true,"href":"https:\/\/nuevo.strattos.online\/en\/wp-json\/wp\/v2\/users\/1"}],"replies":[{"embeddable":true,"href":"https:\/\/nuevo.strattos.online\/en\/wp-json\/wp\/v2\/comments?post=10240"}],"version-history":[{"count":25,"href":"https:\/\/nuevo.strattos.online\/en\/wp-json\/wp\/v2\/pages\/10240\/revisions"}],"predecessor-version":[{"id":19218,"href":"https:\/\/nuevo.strattos.online\/en\/wp-json\/wp\/v2\/pages\/10240\/revisions\/19218"}],"wp:attachment":[{"href":"https:\/\/nuevo.strattos.online\/en\/wp-json\/wp\/v2\/media?parent=10240"}],"curies":[{"name":"wp","href":"https:\/\/api.w.org\/{rel}","templated":true}]}}