{"id":9592,"date":"2025-02-12T06:59:28","date_gmt":"2025-02-12T06:59:28","guid":{"rendered":"https:\/\/demo.casethemes.net\/mouno\/?page_id=9592"},"modified":"2026-04-10T22:49:17","modified_gmt":"2026-04-10T22:49:17","slug":"contacto","status":"publish","type":"page","link":"https:\/\/nuevo.strattos.online\/en\/contacto\/","title":{"rendered":"Contact"},"content":{"rendered":"<div data-elementor-type=\"wp-page\" data-elementor-id=\"9592\" class=\"elementor elementor-9592\" data-elementor-post-type=\"page\">\n\t\t\t\t<div class=\"elementor-element elementor-element-6389ca3 e-flex e-con-boxed e-con e-parent\" data-id=\"6389ca3\" data-element_type=\"container\" data-e-type=\"container\" data-settings=\"{&quot;background_background&quot;:&quot;gradient&quot;,&quot;ekit_has_onepagescroll_dot&quot;:&quot;yes&quot;}\">\t\t\t<div class=\"e-con-inner\">\r\n\t\t<div class=\"elementor-element elementor-element-8a8db5f e-con-full e-flex e-con e-child\" data-id=\"8a8db5f\" data-element_type=\"container\" data-e-type=\"container\" data-settings=\"{&quot;position&quot;:&quot;absolute&quot;,&quot;ekit_has_onepagescroll_dot&quot;:&quot;yes&quot;}\">\t\t<div class=\"elementor-element elementor-element-9d0541f elementor-absolute e-transform elementor-widget elementor-widget-pxl_image\" data-id=\"9d0541f\" data-element_type=\"widget\" data-e-type=\"widget\" data-settings=\"{&quot;_position&quot;:&quot;absolute&quot;,&quot;_transform_rotateZ_effect&quot;:{&quot;unit&quot;:&quot;px&quot;,&quot;size&quot;:-70,&quot;sizes&quot;:[]},&quot;ekit_we_effect_on&quot;:&quot;none&quot;,&quot;_transform_rotateZ_effect_widescreen&quot;:{&quot;unit&quot;:&quot;deg&quot;,&quot;size&quot;:&quot;&quot;,&quot;sizes&quot;:[]},&quot;_transform_rotateZ_effect_laptop&quot;:{&quot;unit&quot;:&quot;deg&quot;,&quot;size&quot;:&quot;&quot;,&quot;sizes&quot;:[]},&quot;_transform_rotateZ_effect_tablet_extra&quot;:{&quot;unit&quot;:&quot;deg&quot;,&quot;size&quot;:&quot;&quot;,&quot;sizes&quot;:[]},&quot;_transform_rotateZ_effect_tablet&quot;:{&quot;unit&quot;:&quot;deg&quot;,&quot;size&quot;:&quot;&quot;,&quot;sizes&quot;:[]},&quot;_transform_rotateZ_effect_mobile_extra&quot;:{&quot;unit&quot;:&quot;deg&quot;,&quot;size&quot;:&quot;&quot;,&quot;sizes&quot;:[]},&quot;_transform_rotateZ_effect_mobile&quot;:{&quot;unit&quot;:&quot;deg&quot;,&quot;size&quot;:&quot;&quot;,&quot;sizes&quot;:[]}}\" data-widget_type=\"pxl_image.default\">\n\t\t\t\t<div class=\"elementor-widget-container\">\n\t\t\t\t\t<div class=\"pxl-image-wrapper wow flyInZoom bl-tr\">\r\n    <span class=\"pxl-image-item\" >\r\n        <img loading=\"lazy\" decoding=\"async\" width=\"787\" height=\"799\" src=\"https:\/\/nuevo.strattos.online\/wp-content\/uploads\/2025\/01\/abstract-shape-5.png\" class=\"pxl-image  attachment-full\" alt=\"Contact\" srcset=\"https:\/\/nuevo.strattos.online\/wp-content\/uploads\/2025\/01\/abstract-shape-5.png 787w, https:\/\/nuevo.strattos.online\/wp-content\/uploads\/2025\/01\/abstract-shape-5-600x609.png 600w\" sizes=\"auto, (max-width: 787px) 100vw, 787px\" \/>    <\/span>\r\n<\/div>\t\t\t\t<\/div>\n\t\t\t\t<\/div>\n\t\t\t\t<div class=\"elementor-element elementor-element-d97b879 elementor-absolute e-transform elementor-widget elementor-widget-pxl_image\" data-id=\"d97b879\" data-element_type=\"widget\" data-e-type=\"widget\" data-settings=\"{&quot;_position&quot;:&quot;absolute&quot;,&quot;_transform_rotateZ_effect&quot;:{&quot;unit&quot;:&quot;px&quot;,&quot;size&quot;:180,&quot;sizes&quot;:[]},&quot;ekit_we_effect_on&quot;:&quot;none&quot;,&quot;_transform_rotateZ_effect_widescreen&quot;:{&quot;unit&quot;:&quot;deg&quot;,&quot;size&quot;:&quot;&quot;,&quot;sizes&quot;:[]},&quot;_transform_rotateZ_effect_laptop&quot;:{&quot;unit&quot;:&quot;deg&quot;,&quot;size&quot;:&quot;&quot;,&quot;sizes&quot;:[]},&quot;_transform_rotateZ_effect_tablet_extra&quot;:{&quot;unit&quot;:&quot;deg&quot;,&quot;size&quot;:&quot;&quot;,&quot;sizes&quot;:[]},&quot;_transform_rotateZ_effect_tablet&quot;:{&quot;unit&quot;:&quot;deg&quot;,&quot;size&quot;:&quot;&quot;,&quot;sizes&quot;:[]},&quot;_transform_rotateZ_effect_mobile_extra&quot;:{&quot;unit&quot;:&quot;deg&quot;,&quot;size&quot;:&quot;&quot;,&quot;sizes&quot;:[]},&quot;_transform_rotateZ_effect_mobile&quot;:{&quot;unit&quot;:&quot;deg&quot;,&quot;size&quot;:&quot;&quot;,&quot;sizes&quot;:[]}}\" data-widget_type=\"pxl_image.default\">\n\t\t\t\t<div class=\"elementor-widget-container\">\n\t\t\t\t\t<div class=\"pxl-image-wrapper wow flyInZoom top\">\r\n    <span class=\"pxl-image-item\" >\r\n        <img loading=\"lazy\" decoding=\"async\" width=\"787\" height=\"799\" src=\"https:\/\/nuevo.strattos.online\/wp-content\/uploads\/2025\/01\/abstract-shape-5.png\" class=\"pxl-image  attachment-full\" alt=\"Contact\" srcset=\"https:\/\/nuevo.strattos.online\/wp-content\/uploads\/2025\/01\/abstract-shape-5.png 787w, https:\/\/nuevo.strattos.online\/wp-content\/uploads\/2025\/01\/abstract-shape-5-600x609.png 600w\" sizes=\"auto, (max-width: 787px) 100vw, 787px\" \/>    <\/span>\r\n<\/div>\t\t\t\t<\/div>\n\t\t\t\t<\/div>\n\t\t\t\t<div class=\"elementor-element elementor-element-827f1a6 elementor-absolute elementor-widget elementor-widget-pxl_image\" data-id=\"827f1a6\" data-element_type=\"widget\" data-e-type=\"widget\" data-settings=\"{&quot;_position&quot;:&quot;absolute&quot;,&quot;ekit_we_effect_on&quot;:&quot;none&quot;}\" data-widget_type=\"pxl_image.default\">\n\t\t\t\t<div class=\"elementor-widget-container\">\n\t\t\t\t\t<div class=\"pxl-image-wrapper\">\r\n    <span class=\"pxl-image-item\" >\r\n        <img loading=\"lazy\" decoding=\"async\" width=\"961\" height=\"961\" src=\"https:\/\/nuevo.strattos.online\/wp-content\/uploads\/2026\/04\/Asset-4.png\" class=\"pxl-image  attachment-full\" alt=\"Contact\" srcset=\"https:\/\/nuevo.strattos.online\/wp-content\/uploads\/2026\/04\/Asset-4.png 961w, https:\/\/nuevo.strattos.online\/wp-content\/uploads\/2026\/04\/Asset-4-300x300.png 300w, https:\/\/nuevo.strattos.online\/wp-content\/uploads\/2026\/04\/Asset-4-150x150.png 150w, https:\/\/nuevo.strattos.online\/wp-content\/uploads\/2026\/04\/Asset-4-768x768.png 768w, https:\/\/nuevo.strattos.online\/wp-content\/uploads\/2026\/04\/Asset-4-12x12.png 12w, https:\/\/nuevo.strattos.online\/wp-content\/uploads\/2026\/04\/Asset-4-710x710.png 710w, https:\/\/nuevo.strattos.online\/wp-content\/uploads\/2026\/04\/Asset-4-600x600.png 600w\" sizes=\"auto, (max-width: 961px) 100vw, 961px\" \/>    <\/span>\r\n<\/div>\t\t\t\t<\/div>\n\t\t\t\t<\/div>\n\t\t\t\t<\/div>\r\n\t\t<div class=\"elementor-element elementor-element-cfd8c95 e-con-full e-flex e-con e-child\" data-id=\"cfd8c95\" data-element_type=\"container\" data-e-type=\"container\" data-settings=\"{&quot;ekit_has_onepagescroll_dot&quot;:&quot;yes&quot;}\">\t\t<div class=\"elementor-element elementor-element-075f6ac elementor-widget elementor-widget-pxl_heading\" data-id=\"075f6ac\" data-element_type=\"widget\" data-e-type=\"widget\" data-settings=\"{&quot;ekit_we_effect_on&quot;:&quot;none&quot;}\" data-widget_type=\"pxl_heading.default\">\n\t\t\t\t<div class=\"elementor-widget-container\">\n\t\t\t\t\t<div class=\"pxl-heading-wrapper\">\n\t\n\t\t\t\t\t<h2 class=\"pxl-heading-title heading-title-default\"\n\t\t\t\t\t>\n\t\t\t<span class=\"pxl-title-text\" >\n\t\t\t\t\u00bfTienes preguntas o un proyecto en mente?             <span class=\"pxl-text-highlight\">\n                Cont\u00e1ctanos ahora.            <\/span>\n        \t\t\t<\/span>\n\t\t<\/h2>\n\t<\/div>\n\t\t\t\t<\/div>\n\t\t\t\t<\/div>\n\t\t\t\t<div class=\"elementor-element elementor-element-35c71e0 elementor-icon-list--layout-traditional elementor-list-item-link-full_width elementor-widget elementor-widget-icon-list\" data-id=\"35c71e0\" data-element_type=\"widget\" data-e-type=\"widget\" data-settings=\"{&quot;ekit_we_effect_on&quot;:&quot;none&quot;}\" data-widget_type=\"icon-list.default\">\n\t\t\t\t\t\t\t<ul class=\"elementor-icon-list-items\">\n\t\t\t\t\t\t\t<li class=\"elementor-icon-list-item\">\n\t\t\t\t\t\t\t\t\t\t\t<span class=\"elementor-icon-list-icon\">\n\t\t\t\t\t\t\t<i aria-hidden=\"true\" class=\"flaticon flaticon-placeholder\"><\/i>\t\t\t\t\t\t<\/span>\n\t\t\t\t\t\t\t\t\t\t<span class=\"elementor-icon-list-text\">Calle El Monitor N34-97 y Carlos Montufar<\/span>\n\t\t\t\t\t\t\t\t\t<\/li>\n\t\t\t\t\t\t<\/ul>\n\t\t\t\t\t\t<\/div>\n\t\t\t\t<div class=\"elementor-element elementor-element-8e8e44e elementor-icon-list--layout-traditional elementor-list-item-link-full_width elementor-widget elementor-widget-icon-list\" data-id=\"8e8e44e\" data-element_type=\"widget\" data-e-type=\"widget\" data-settings=\"{&quot;ekit_we_effect_on&quot;:&quot;none&quot;}\" data-widget_type=\"icon-list.default\">\n\t\t\t\t\t\t\t<ul class=\"elementor-icon-list-items\">\n\t\t\t\t\t\t\t<li class=\"elementor-icon-list-item\">\n\t\t\t\t\t\t\t\t\t\t\t<a href=\"mailto:info@strattos.io\">\n\n\t\t\t\t\t\t\t\t\t\t\t\t<span class=\"elementor-icon-list-icon\">\n\t\t\t\t\t\t\t<i aria-hidden=\"true\" class=\"flaticon flaticon-email\"><\/i>\t\t\t\t\t\t<\/span>\n\t\t\t\t\t\t\t\t\t\t<span class=\"elementor-icon-list-text\">info@strattos.io<\/span>\n\t\t\t\t\t\t\t\t\t\t\t<\/a>\n\t\t\t\t\t\t\t\t\t<\/li>\n\t\t\t\t\t\t<\/ul>\n\t\t\t\t\t\t<\/div>\n\t\t\t\t<div class=\"elementor-element elementor-element-c987b8d elementor-icon-list--layout-traditional elementor-list-item-link-full_width elementor-widget elementor-widget-icon-list\" data-id=\"c987b8d\" data-element_type=\"widget\" data-e-type=\"widget\" data-settings=\"{&quot;ekit_we_effect_on&quot;:&quot;none&quot;}\" data-widget_type=\"icon-list.default\">\n\t\t\t\t\t\t\t<ul class=\"elementor-icon-list-items\">\n\t\t\t\t\t\t\t<li class=\"elementor-icon-list-item\">\n\t\t\t\t\t\t\t\t\t\t\t<a href=\"tel:+593981154098\">\n\n\t\t\t\t\t\t\t\t\t\t\t\t<span class=\"elementor-icon-list-icon\">\n\t\t\t\t\t\t\t<i aria-hidden=\"true\" class=\"flaticon flaticon-phone\"><\/i>\t\t\t\t\t\t<\/span>\n\t\t\t\t\t\t\t\t\t\t<span class=\"elementor-icon-list-text\">+593 98 115 4098<\/span>\n\t\t\t\t\t\t\t\t\t\t\t<\/a>\n\t\t\t\t\t\t\t\t\t<\/li>\n\t\t\t\t\t\t<\/ul>\n\t\t\t\t\t\t<\/div>\n\t\t\t\t<\/div>\r\n\t\t<div class=\"elementor-element elementor-element-f8ddeb2 e-con-full e-flex e-con e-child\" data-id=\"f8ddeb2\" data-element_type=\"container\" data-e-type=\"container\" data-settings=\"{&quot;background_background&quot;:&quot;classic&quot;,&quot;ekit_has_onepagescroll_dot&quot;:&quot;yes&quot;}\">\t\t<div class=\"elementor-element elementor-element-81fcd2d elementor-absolute elementor-widget elementor-widget-pxl_image\" data-id=\"81fcd2d\" data-element_type=\"widget\" data-e-type=\"widget\" data-settings=\"{&quot;_position&quot;:&quot;absolute&quot;,&quot;ekit_we_effect_on&quot;:&quot;none&quot;}\" data-widget_type=\"pxl_image.default\">\n\t\t\t\t<div class=\"elementor-widget-container\">\n\t\t\t\t\t<div class=\"pxl-image-wrapper\">\r\n    <span class=\"pxl-image-item\" >\r\n        <img loading=\"lazy\" decoding=\"async\" width=\"564\" height=\"564\" src=\"https:\/\/nuevo.strattos.online\/wp-content\/uploads\/2026\/04\/Asset-1.png\" class=\"pxl-image  attachment-full\" alt=\"Contact\" srcset=\"https:\/\/nuevo.strattos.online\/wp-content\/uploads\/2026\/04\/Asset-1.png 564w, https:\/\/nuevo.strattos.online\/wp-content\/uploads\/2026\/04\/Asset-1-300x300.png 300w, https:\/\/nuevo.strattos.online\/wp-content\/uploads\/2026\/04\/Asset-1-150x150.png 150w, https:\/\/nuevo.strattos.online\/wp-content\/uploads\/2026\/04\/Asset-1-12x12.png 12w\" sizes=\"auto, (max-width: 564px) 100vw, 564px\" \/>    <\/span>\r\n<\/div>\t\t\t\t<\/div>\n\t\t\t\t<\/div>\n\t\t\t\t<div class=\"elementor-element elementor-element-4342077 elementor-widget elementor-widget-pxl_heading\" data-id=\"4342077\" data-element_type=\"widget\" data-e-type=\"widget\" data-settings=\"{&quot;ekit_we_effect_on&quot;:&quot;none&quot;}\" data-widget_type=\"pxl_heading.default\">\n\t\t\t\t<div class=\"elementor-widget-container\">\n\t\t\t\t\t<div class=\"pxl-heading-wrapper\">\n\t\n\t\t\t\t\t<h3 class=\"pxl-heading-title heading-title-custom\"\n\t\t\t\t\t>\n\t\t\t<span class=\"pxl-title-text\" >\n\t\t\t\tAgenda una consulta gratuita\t\t\t<\/span>\n\t\t<\/h3>\n\t<\/div>\n\t\t\t\t<\/div>\n\t\t\t\t<\/div>\n\t\t\t\t<div class=\"elementor-element elementor-element-c508092 elementor-widget elementor-widget-pxl_text_editor\" data-id=\"c508092\" data-element_type=\"widget\" data-e-type=\"widget\" data-settings=\"{&quot;ekit_we_effect_on&quot;:&quot;none&quot;}\" data-widget_type=\"pxl_text_editor.default\">\n\t\t\t\t<div class=\"elementor-widget-container\">\n\t\t\t\t\t<div id=\"pxl_text_editor-c508092-6995\" class=\"pxl-text-editor-wrapper  link-default link-hover-default\"\t>\n\t<p>Nuestra capacidad estrat\u00e9gica y tecnol\u00f3gica impulsa la evoluci\u00f3n de tu empresa.\u00a0<\/p>\t\t\n<\/div>\t\t\t\t<\/div>\n\t\t\t\t<\/div>\n\t\t\t\t<div class=\"elementor-element elementor-element-e3f966f elementor-widget elementor-widget-pxl_contact_form\" data-id=\"e3f966f\" data-element_type=\"widget\" data-e-type=\"widget\" data-settings=\"{&quot;ekit_we_effect_on&quot;:&quot;none&quot;}\" data-widget_type=\"pxl_contact_form.default\">\n\t\t\t\t<div class=\"elementor-widget-container\">\n\t\t\t\t\t            \n<div class=\"wpcf7 no-js\" id=\"wpcf7-f8774-o1\" lang=\"en-US\" dir=\"ltr\" data-wpcf7-id=\"8774\">\n<div class=\"screen-reader-response\"><p role=\"status\" aria-live=\"polite\" aria-atomic=\"true\"><\/p> <ul><\/ul><\/div>\n<form action=\"\/en\/wp-json\/wp\/v2\/pages\/9592#wpcf7-f8774-o1\" method=\"post\" class=\"wpcf7-form init form-0212 pxl-wpcf7-8774 form-style5\" aria-label=\"Contact form\" novalidate=\"novalidate\" data-status=\"init\" data-trp-original-action=\"\/en\/wp-json\/wp\/v2\/pages\/9592#wpcf7-f8774-o1\">\n<fieldset class=\"hidden-fields-container\"><input type=\"hidden\" name=\"_wpcf7\" value=\"8774\" \/><input type=\"hidden\" name=\"_wpcf7_version\" value=\"6.1.5\" \/><input type=\"hidden\" name=\"_wpcf7_locale\" value=\"en_US\" \/><input type=\"hidden\" name=\"_wpcf7_unit_tag\" value=\"wpcf7-f8774-o1\" \/><input type=\"hidden\" name=\"_wpcf7_container_post\" value=\"0\" \/><input type=\"hidden\" name=\"_wpcf7_posted_data_hash\" value=\"\" \/>\n<\/fieldset>\n<p><input class=\"wpcf7-form-control wpcf7-submit has-spinner cf7-hidden-submit\" type=\"submit\" value=\"Submit\" \/><br \/>\n<span class=\"wpcf7-form-control-wrap\" data-name=\"your-name\"><input size=\"40\" maxlength=\"400\" class=\"wpcf7-form-control wpcf7-text wpcf7-validates-as-required\" aria-required=\"true\" aria-invalid=\"false\" placeholder=\"Nombre\" value=\"\" type=\"text\" name=\"your-name\" \/><\/span><br \/>\n<span class=\"wpcf7-form-control-wrap\" data-name=\"your-email\"><input size=\"40\" maxlength=\"400\" class=\"wpcf7-form-control wpcf7-email wpcf7-validates-as-required wpcf7-text wpcf7-validates-as-email\" aria-required=\"true\" aria-invalid=\"false\" placeholder=\"Email\" value=\"\" type=\"email\" name=\"your-email\" \/><\/span><br \/>\n<span class=\"wpcf7-form-control-wrap\" data-name=\"your-subject\"><input size=\"40\" maxlength=\"400\" class=\"wpcf7-form-control wpcf7-text\" aria-invalid=\"false\" placeholder=\"Subject\" value=\"\" type=\"text\" name=\"your-subject\" \/><\/span><br \/>\n<span class=\"wpcf7-form-control-wrap\" data-name=\"your-message\"><textarea cols=\"40\" rows=\"10\" maxlength=\"2000\" class=\"wpcf7-form-control wpcf7-textarea wpcf7-validates-as-required\" aria-required=\"true\" aria-invalid=\"false\" placeholder=\"Mensaje\" name=\"your-message\"><\/textarea><\/span>\n<\/p><div class=\"wpcf7-response-output\" aria-hidden=\"true\"><\/div>\n<input type=\"hidden\" name=\"trp-form-language\" value=\"en\"\/><\/form>\n<\/div>\n    \t\t\t\t<\/div>\n\t\t\t\t<\/div>\n\t\t\t\t<div class=\"elementor-element elementor-element-c63521b elementor-widget elementor-widget-pxl_button\" data-id=\"c63521b\" data-element_type=\"widget\" data-e-type=\"widget\" data-settings=\"{&quot;ekit_we_effect_on&quot;:&quot;none&quot;}\" data-widget_type=\"pxl_button.default\">\n\t\t\t\t<div class=\"elementor-widget-container\">\n\t\t\t\t\t<div class=\"pxl-button-wrapper\">\r\n    <a class=\"btn pxl-atc-submit pxl-btn-split pxl-btn-link1\" data-submit=\"form-0212\">\r\n                    <span class=\"pxl-btn-icon icon-duplicated\">\r\n                                    <svg xmlns=\"http:\/\/www.w3.org\/2000\/svg\" width=\"38\" height=\"38\" viewbox=\"0 0 38 38\" fill=\"none\">\r\n                        <path d=\"M26.6745 23.8894L26.5892 12.0397C26.5892 11.5282 26.1914 11.1304 25.6799 11.1304L13.8302 11.0451C13.3187 11.0451 12.9208 11.443 12.9208 11.9545C12.9208 12.466 13.3187 12.8638 13.8302 12.8638L23.4634 12.9491L11.3864 25.0261C11.0454 25.3671 11.0454 25.9354 11.3864 26.2764C11.7274 26.6174 12.3241 26.6458 12.6651 26.3048L24.799 14.171L24.8842 23.9178C24.8842 24.1452 24.9979 24.3725 25.1684 24.543C25.3389 24.7135 25.5662 24.8272 25.822 24.7988C26.2766 24.7988 26.7029 24.3725 26.6745 23.8894Z\" fill=\"currentcolor\"\/>\r\n                    <\/svg>\r\n                            <\/span>\r\n                            <span class=\"pxl-btn-text\" data-text=\"Enviar formulario\">\r\n                Enviar formulario            <\/span>\r\n                            <span class=\"pxl-btn-icon icon-main\">\r\n                <svg xmlns=\"http:\/\/www.w3.org\/2000\/svg\" width=\"38\" height=\"38\" viewbox=\"0 0 38 38\" fill=\"none\">\r\n                    <path d=\"M26.6745 23.8894L26.5892 12.0397C26.5892 11.5282 26.1914 11.1304 25.6799 11.1304L13.8302 11.0451C13.3187 11.0451 12.9208 11.443 12.9208 11.9545C12.9208 12.466 13.3187 12.8638 13.8302 12.8638L23.4634 12.9491L11.3864 25.0261C11.0454 25.3671 11.0454 25.9354 11.3864 26.2764C11.7274 26.6174 12.3241 26.6458 12.6651 26.3048L24.799 14.171L24.8842 23.9178C24.8842 24.1452 24.9979 24.3725 25.1684 24.543C25.3389 24.7135 25.5662 24.8272 25.822 24.7988C26.2766 24.7988 26.7029 24.3725 26.6745 23.8894Z\" fill=\"currentcolor\"\/>\r\n                <\/svg>\r\n            <\/span>\r\n            <\/a>\r\n<\/div>\r\n\r\n\r\n\r\n\t\t\t\t<\/div>\n\t\t\t\t<\/div>\n\t\t\t\t<\/div>\r\n\t\t\t\t\t<\/div>\r\n\t\t\t\t<\/div>\r\n\t\t<div class=\"elementor-element elementor-element-1259076 e-con-full e-flex e-con e-parent\" data-id=\"1259076\" data-element_type=\"container\" data-e-type=\"container\" data-settings=\"{&quot;ekit_has_onepagescroll_dot&quot;:&quot;yes&quot;}\">\t\t<div class=\"elementor-element elementor-element-3ab71d5 elementor-widget elementor-widget-google_maps\" data-id=\"3ab71d5\" data-element_type=\"widget\" data-e-type=\"widget\" data-settings=\"{&quot;ekit_we_effect_on&quot;:&quot;none&quot;}\" data-widget_type=\"google_maps.default\">\n\t\t\t\t\t\t\t<div class=\"elementor-custom-embed\">\n\t\t\t<iframe loading=\"lazy\"\n\t\t\t\t\tsrc=\"https:\/\/maps.google.com\/maps?q=Calle%20El%20Monitor%20N34-97%20y%20Carlos%20Montufar&#038;t=m&#038;z=19&#038;output=embed&#038;iwloc=near\"\n\t\t\t\t\ttitle=\"Calle El Monitor N34-97 y Carlos Montufar\"\n\t\t\t\t\taria-label=\"Calle El Monitor N34-97 y Carlos Montufar\"\n\t\t\t><\/iframe>\n\t\t<\/div>\n\t\t\t\t\t\t<\/div>\n\t\t\t\t<\/div>\r\n\t\t\t\t<\/div>","protected":false},"excerpt":{"rendered":"<p>\u00bfTienes preguntas o un proyecto en mente? Cont\u00e1ctanos ahora. Calle El Monitor N34-97 y Carlos Montufar info@strattos.io +593 98 115 4098 Agenda una consulta gratuita Nuestra capacidad estrat\u00e9gica y tecnol\u00f3gica impulsa la evoluci\u00f3n de tu empresa.\u00a0 Enviar formulario<\/p>","protected":false},"author":1,"featured_media":0,"parent":0,"menu_order":0,"comment_status":"closed","ping_status":"closed","template":"","meta":{"footnotes":""},"class_list":["post-9592","page","type-page","status-publish","hentry"],"_hostinger_reach_plugin_has_subscription_block":false,"_hostinger_reach_plugin_is_elementor":false,"_links":{"self":[{"href":"https:\/\/nuevo.strattos.online\/en\/wp-json\/wp\/v2\/pages\/9592","targetHints":{"allow":["GET"]}}],"collection":[{"href":"https:\/\/nuevo.strattos.online\/en\/wp-json\/wp\/v2\/pages"}],"about":[{"href":"https:\/\/nuevo.strattos.online\/en\/wp-json\/wp\/v2\/types\/page"}],"author":[{"embeddable":true,"href":"https:\/\/nuevo.strattos.online\/en\/wp-json\/wp\/v2\/users\/1"}],"replies":[{"embeddable":true,"href":"https:\/\/nuevo.strattos.online\/en\/wp-json\/wp\/v2\/comments?post=9592"}],"version-history":[{"count":45,"href":"https:\/\/nuevo.strattos.online\/en\/wp-json\/wp\/v2\/pages\/9592\/revisions"}],"predecessor-version":[{"id":19695,"href":"https:\/\/nuevo.strattos.online\/en\/wp-json\/wp\/v2\/pages\/9592\/revisions\/19695"}],"wp:attachment":[{"href":"https:\/\/nuevo.strattos.online\/en\/wp-json\/wp\/v2\/media?parent=9592"}],"curies":[{"name":"wp","href":"https:\/\/api.w.org\/{rel}","templated":true}]}}